{"id":333,"date":"2018-11-22T15:59:15","date_gmt":"2018-11-22T14:59:15","guid":{"rendered":"https:\/\/www.martinkorosec.com\/knjiga\/digitalni-marketing\/moj-racun\/"},"modified":"2018-11-22T15:59:15","modified_gmt":"2018-11-22T14:59:15","slug":"moj-racun","status":"publish","type":"page","link":"https:\/\/www.martinkorosec.com\/knjiga\/digitalni-marketing\/moj-racun\/","title":{"rendered":"Moj ra\u010dun"},"content":{"rendered":"<div class=\"woocommerce\"><div class=\"oceanwp-loginform-wrap\"><ul class=\"owp-account-links registration-disabled\"><li class=\"login\"><span class=\"owp-account-link current\">Login<\/span><\/li><\/ul><div class=\"woocommerce-notices-wrapper\"><\/div>\n\n\t\t<h2>Prijava<\/h2>\n\n\t\t<form class=\"woocommerce-form woocommerce-form-login login\" method=\"post\">\n\n\t\t\t\n\t\t\t<p class=\"woocommerce-form-row woocommerce-form-row--wide form-row form-row-wide\">\n\t\t\t\t<label for=\"username\">Uporabni\u0161ko ime ali e-po\u0161tni naslov&nbsp;<span class=\"required\">*<\/span><\/label>\n\t\t\t\t<input type=\"text\" class=\"woocommerce-Input woocommerce-Input--text input-text\" name=\"username\" id=\"username\" autocomplete=\"username\" value=\"\" \/>\t\t\t<\/p>\n\t\t\t<p class=\"woocommerce-form-row woocommerce-form-row--wide form-row form-row-wide\">\n\t\t\t\t<label for=\"password\">Geslo&nbsp;<span class=\"required\">*<\/span><\/label>\n\t\t\t\t<input class=\"woocommerce-Input woocommerce-Input--text input-text\" type=\"password\" name=\"password\" id=\"password\" autocomplete=\"current-password\" \/>\n\t\t\t<\/p>\n\n\t\t\t\n\t\t\t<p class=\"form-row\">\n\t\t\t\t<label class=\"woocommerce-form__label woocommerce-form__label-for-checkbox woocommerce-form-login__rememberme\">\n\t\t\t\t\t<input class=\"woocommerce-form__input woocommerce-form__input-checkbox\" name=\"rememberme\" type=\"checkbox\" id=\"rememberme\" value=\"forever\" \/> <span>Zapomni si me<\/span>\n\t\t\t\t<\/label>\n\t\t\t\t<input type=\"hidden\" id=\"woocommerce-login-nonce\" name=\"woocommerce-login-nonce\" value=\"fdd9bd5e49\" \/><input type=\"hidden\" name=\"_wp_http_referer\" value=\"\/knjiga\/digitalni-marketing\/wp-json\/wp\/v2\/pages\/333\" \/>\t\t\t\t<button type=\"submit\" class=\"woocommerce-button button woocommerce-form-login__submit\" name=\"login\" value=\"Prijava\">Prijava<\/button>\n\t\t\t<\/p>\n\t\t\t<p class=\"woocommerce-LostPassword lost_password\">\n\t\t\t\t<a href=\"https:\/\/www.martinkorosec.com\/knjiga\/digitalni-marketing\/moj-racun\/lost-password\/\">Ali ste pozabili geslo?<\/a>\n\t\t\t<\/p>\n\n\t\t\t\n\t\t<\/form>\n\n\n<\/div><\/div>\n","protected":false},"excerpt":{"rendered":"","protected":false},"author":1,"featured_media":0,"parent":0,"menu_order":0,"comment_status":"closed","ping_status":"closed","template":"","meta":[],"yoast_head":"<!-- This site is optimized with the Yoast SEO plugin v17.0 - https:\/\/yoast.com\/wordpress\/plugins\/seo\/ -->\n<title>Moj ra\u010dun - PRAKTI\u010cNI PRIRO\u010cNIK &quot;Digitalni marketing od A do \u017d&quot;<\/title>\n<meta name=\"robots\" content=\"index, follow, max-snippet:-1, max-image-preview:large, max-video-preview:-1\" \/>\n<link rel=\"canonical\" href=\"https:\/\/www.martinkorosec.com\/knjiga\/digitalni-marketing\/moj-racun\/\" \/>\n<meta property=\"og:locale\" content=\"sl_SI\" \/>\n<meta property=\"og:type\" content=\"article\" \/>\n<meta property=\"og:title\" content=\"Moj ra\u010dun - PRAKTI\u010cNI PRIRO\u010cNIK &quot;Digitalni marketing od A do \u017d&quot;\" \/>\n<meta property=\"og:url\" content=\"https:\/\/www.martinkorosec.com\/knjiga\/digitalni-marketing\/moj-racun\/\" \/>\n<meta property=\"og:site_name\" content=\"PRAKTI\u010cNI PRIRO\u010cNIK &quot;Digitalni marketing od A do \u017d&quot;\" \/>\n<meta name=\"twitter:card\" content=\"summary_large_image\" \/>\n<script type=\"application\/ld+json\" class=\"yoast-schema-graph\">{\"@context\":\"https:\/\/schema.org\",\"@graph\":[{\"@type\":\"WebSite\",\"@id\":\"https:\/\/www.martinkorosec.com\/knjiga\/digitalni-marketing\/#website\",\"url\":\"https:\/\/www.martinkorosec.com\/knjiga\/digitalni-marketing\/\",\"name\":\"PRAKTI\\u010cNI PRIRO\\u010cNIK &quot;Digitalni marketing od A do \\u017d&quot;\",\"description\":\"Za podjetnike, ki \\u017eelite podrobna navodila iz prakse po korakih.\",\"potentialAction\":[{\"@type\":\"SearchAction\",\"target\":{\"@type\":\"EntryPoint\",\"urlTemplate\":\"https:\/\/www.martinkorosec.com\/knjiga\/digitalni-marketing\/?s={search_term_string}\"},\"query-input\":\"required name=search_term_string\"}],\"inLanguage\":\"sl-SI\"},{\"@type\":\"WebPage\",\"@id\":\"https:\/\/www.martinkorosec.com\/knjiga\/digitalni-marketing\/moj-racun\/#webpage\",\"url\":\"https:\/\/www.martinkorosec.com\/knjiga\/digitalni-marketing\/moj-racun\/\",\"name\":\"Moj ra\\u010dun - PRAKTI\\u010cNI PRIRO\\u010cNIK &quot;Digitalni marketing od A do \\u017d&quot;\",\"isPartOf\":{\"@id\":\"https:\/\/www.martinkorosec.com\/knjiga\/digitalni-marketing\/#website\"},\"datePublished\":\"2018-11-22T14:59:15+00:00\",\"dateModified\":\"2018-11-22T14:59:15+00:00\",\"breadcrumb\":{\"@id\":\"https:\/\/www.martinkorosec.com\/knjiga\/digitalni-marketing\/moj-racun\/#breadcrumb\"},\"inLanguage\":\"sl-SI\",\"potentialAction\":[{\"@type\":\"ReadAction\",\"target\":[\"https:\/\/www.martinkorosec.com\/knjiga\/digitalni-marketing\/moj-racun\/\"]}]},{\"@type\":\"BreadcrumbList\",\"@id\":\"https:\/\/www.martinkorosec.com\/knjiga\/digitalni-marketing\/moj-racun\/#breadcrumb\",\"itemListElement\":[{\"@type\":\"ListItem\",\"position\":1,\"name\":\"Home\",\"item\":\"https:\/\/www.martinkorosec.com\/knjiga\/digitalni-marketing\/\"},{\"@type\":\"ListItem\",\"position\":2,\"name\":\"Moj ra\\u010dun\"}]}]}<\/script>\n<!-- \/ Yoast SEO plugin. -->","yoast_head_json":{"title":"Moj ra\u010dun - PRAKTI\u010cNI PRIRO\u010cNIK &quot;Digitalni marketing od A do \u017d&quot;","robots":{"index":"index","follow":"follow","max-snippet":"max-snippet:-1","max-image-preview":"max-image-preview:large","max-video-preview":"max-video-preview:-1"},"canonical":"https:\/\/www.martinkorosec.com\/knjiga\/digitalni-marketing\/moj-racun\/","og_locale":"sl_SI","og_type":"article","og_title":"Moj ra\u010dun - PRAKTI\u010cNI PRIRO\u010cNIK &quot;Digitalni marketing od A do \u017d&quot;","og_url":"https:\/\/www.martinkorosec.com\/knjiga\/digitalni-marketing\/moj-racun\/","og_site_name":"PRAKTI\u010cNI PRIRO\u010cNIK &quot;Digitalni marketing od A do \u017d&quot;","twitter_card":"summary_large_image","schema":{"@context":"https:\/\/schema.org","@graph":[{"@type":"WebSite","@id":"https:\/\/www.martinkorosec.com\/knjiga\/digitalni-marketing\/#website","url":"https:\/\/www.martinkorosec.com\/knjiga\/digitalni-marketing\/","name":"PRAKTI\u010cNI PRIRO\u010cNIK &quot;Digitalni marketing od A do \u017d&quot;","description":"Za podjetnike, ki \u017eelite podrobna navodila iz prakse po korakih.","potentialAction":[{"@type":"SearchAction","target":{"@type":"EntryPoint","urlTemplate":"https:\/\/www.martinkorosec.com\/knjiga\/digitalni-marketing\/?s={search_term_string}"},"query-input":"required name=search_term_string"}],"inLanguage":"sl-SI"},{"@type":"WebPage","@id":"https:\/\/www.martinkorosec.com\/knjiga\/digitalni-marketing\/moj-racun\/#webpage","url":"https:\/\/www.martinkorosec.com\/knjiga\/digitalni-marketing\/moj-racun\/","name":"Moj ra\u010dun - PRAKTI\u010cNI PRIRO\u010cNIK &quot;Digitalni marketing od A do \u017d&quot;","isPartOf":{"@id":"https:\/\/www.martinkorosec.com\/knjiga\/digitalni-marketing\/#website"},"datePublished":"2018-11-22T14:59:15+00:00","dateModified":"2018-11-22T14:59:15+00:00","breadcrumb":{"@id":"https:\/\/www.martinkorosec.com\/knjiga\/digitalni-marketing\/moj-racun\/#breadcrumb"},"inLanguage":"sl-SI","potentialAction":[{"@type":"ReadAction","target":["https:\/\/www.martinkorosec.com\/knjiga\/digitalni-marketing\/moj-racun\/"]}]},{"@type":"BreadcrumbList","@id":"https:\/\/www.martinkorosec.com\/knjiga\/digitalni-marketing\/moj-racun\/#breadcrumb","itemListElement":[{"@type":"ListItem","position":1,"name":"Home","item":"https:\/\/www.martinkorosec.com\/knjiga\/digitalni-marketing\/"},{"@type":"ListItem","position":2,"name":"Moj ra\u010dun"}]}]}},"_links":{"self":[{"href":"https:\/\/www.martinkorosec.com\/knjiga\/digitalni-marketing\/wp-json\/wp\/v2\/pages\/333"}],"collection":[{"href":"https:\/\/www.martinkorosec.com\/knjiga\/digitalni-marketing\/wp-json\/wp\/v2\/pages"}],"about":[{"href":"https:\/\/www.martinkorosec.com\/knjiga\/digitalni-marketing\/wp-json\/wp\/v2\/types\/page"}],"author":[{"embeddable":true,"href":"https:\/\/www.martinkorosec.com\/knjiga\/digitalni-marketing\/wp-json\/wp\/v2\/users\/1"}],"replies":[{"embeddable":true,"href":"https:\/\/www.martinkorosec.com\/knjiga\/digitalni-marketing\/wp-json\/wp\/v2\/comments?post=333"}],"version-history":[{"count":0,"href":"https:\/\/www.martinkorosec.com\/knjiga\/digitalni-marketing\/wp-json\/wp\/v2\/pages\/333\/revisions"}],"wp:attachment":[{"href":"https:\/\/www.martinkorosec.com\/knjiga\/digitalni-marketing\/wp-json\/wp\/v2\/media?parent=333"}],"curies":[{"name":"wp","href":"https:\/\/api.w.org\/{rel}","templated":true}]}}