{"id":7421,"date":"2025-03-14T10:58:20","date_gmt":"2025-03-14T10:58:20","guid":{"rendered":"https:\/\/www.martinkorosec.com\/knjiga\/digitalni-marketing\/?page_id=7421"},"modified":"2025-03-14T11:03:45","modified_gmt":"2025-03-14T11:03:45","slug":"100-knjig-pravila-nagradne-igre","status":"publish","type":"page","link":"https:\/\/www.martinkorosec.com\/knjiga\/digitalni-marketing\/100-knjig-pravila-nagradne-igre\/","title":{"rendered":"Podarimo 100 knjig &#8211; pravila nagradne igre"},"content":{"rendered":"\t\t<div data-elementor-type=\"wp-post\" data-elementor-id=\"7421\" class=\"elementor elementor-7421\" data-elementor-settings=\"[]\">\n\t\t\t<div class=\"elementor-inner\">\n\t\t\t\t<div class=\"elementor-section-wrap\">\n\t\t\t\t\t\t\t<section class=\"elementor-element elementor-element-0d4d31b elementor-section-boxed elementor-section-height-default elementor-section-height-default elementor-section elementor-inner-section\" data-id=\"0d4d31b\" data-element_type=\"section\" data-settings=\"{&quot;background_background&quot;:&quot;classic&quot;}\">\n\t\t\t\t\t\t\t<div class=\"elementor-background-overlay\"><\/div>\n\t\t\t\t\t\t\t<div class=\"elementor-container elementor-column-gap-default\">\n\t\t\t\t<div class=\"elementor-row\">\n\t\t\t\t<div class=\"elementor-element elementor-element-c43ecfc elementor-column elementor-col-100 elementor-inner-column\" data-id=\"c43ecfc\" data-element_type=\"column\">\n\t\t\t<div class=\"elementor-column-wrap  elementor-element-populated\">\n\t\t\t\t\t<div class=\"elementor-widget-wrap\">\n\t\t\t\t<div class=\"elementor-element elementor-element-c02b701 elementor-widget elementor-widget-heading\" data-id=\"c02b701\" data-element_type=\"widget\" data-widget_type=\"heading.default\">\n\t\t\t\t<div class=\"elementor-widget-container\">\n\t\t\t<h2 class=\"elementor-heading-title elementor-size-default\">Pravila nagradne igre: Podarimo 100 knjig<\/h2>\t\t<\/div>\n\t\t\t\t<\/div>\n\t\t\t\t\t\t<\/div>\n\t\t\t<\/div>\n\t\t<\/div>\n\t\t\t\t\t\t<\/div>\n\t\t\t<\/div>\n\t\t<\/section>\n\t\t\t\t<section class=\"elementor-element elementor-element-cab0938 elementor-section-boxed elementor-section-height-default elementor-section-height-default elementor-section elementor-top-section\" data-id=\"cab0938\" data-element_type=\"section\">\n\t\t\t\t\t\t<div class=\"elementor-container elementor-column-gap-default\">\n\t\t\t\t<div class=\"elementor-row\">\n\t\t\t\t<div class=\"elementor-element elementor-element-72348ae elementor-column elementor-col-100 elementor-top-column\" data-id=\"72348ae\" data-element_type=\"column\">\n\t\t\t<div class=\"elementor-column-wrap  elementor-element-populated\">\n\t\t\t\t\t<div class=\"elementor-widget-wrap\">\n\t\t\t\t<div class=\"elementor-element elementor-element-0625e57 elementor-widget elementor-widget-text-editor\" data-id=\"0625e57\" data-element_type=\"widget\" data-widget_type=\"text-editor.default\">\n\t\t\t\t<div class=\"elementor-widget-container\">\n\t\t\t\t\t<div class=\"elementor-text-editor elementor-clearfix\"><p data-pm-slice=\"1 1 []\"><strong>1. ORGANIZATOR NAGRADNE IGRE<\/strong><br>Organizator nagradne igre je podjetje Rde\u010da oran\u017ea d.o.o. (v nadaljevanju: Organizator), s sede\u017eem na Makedonska 45, 2000 Maribor, mati\u010dno \u0161tevilko 6790607000&nbsp; in dav\u010dno \u0161tevilko SI46631011. Organizator je odgovoren za izvedbo nagradne igre ter podelitev nagrad v skladu s temi pravili.<\/p>\n<p><strong>2. NAMEN NAGRADNE IGRE<\/strong><br>Namen nagradne igre je promocija knjige &#8220;Digitalni marketing od A do \u017d&#8221; ter ozave\u0161\u010danje \u0161ir\u0161e javnosti o pomembnosti digitalnega marketinga. Z organizacijo nagradne igre \u017eeli Organizator pove\u010dati zanimanje za knjigo ter nagraditi svoje sledilce.<\/p>\n<p><strong>3. TRAJANJE NAGRADNE IGRE<\/strong><br>Nagradna igra poteka od [datum za\u010detka] do vklju\u010dno 20. marca 2025. \u017dreb nagrajencev bo izveden 21. marca 2025. Organizator si pridr\u017euje pravico do podalj\u0161anja ali skraj\u0161anja trajanja nagradne igre v primeru nepredvidenih okoli\u0161\u010din.<\/p>\n<p><strong>4. POGOJI SODELOVANJA<\/strong><br>V nagradni igri lahko sodelujejo vse polnoletne fizi\u010dne osebe s stalnim prebivali\u0161\u010dem v Republiki Sloveniji, ki v obdobju trajanja nagradne igre izpolnijo prijavni obrazec in oddajo svoje podatke:<\/p>\n<ul data-spread=\"false\">\n<li>\n<p>Ime<\/p>\n<\/li>\n<li>\n<p>Priimek<\/p>\n<\/li>\n<li>\n<p>E-naslov<\/p>\n<\/li>\n<li>\n<p>Ulica<\/p>\n<\/li>\n<li>\n<p>Hi\u0161na \u0161tevilka<\/p>\n<\/li>\n<li>\n<p>Po\u0161ta<\/p>\n<\/li>\n<li>\n<p>Po\u0161tna \u0161tevilka<\/p>\n<\/li>\n<\/ul>\n<p>Sodelovanje v nagradni igri je brezpla\u010dno in ni pogojeno z nakupom. S sodelovanjem v nagradni igri udele\u017eenci potrjujejo, da so seznanjeni s pravili nagradne igre in dovoljujejo obdelavo svojih osebnih podatkov za namen izvedbe nagradne igre. V primeru napa\u010dno vnesenih ali nepopolnih podatkov si Organizator pridr\u017euje pravico do izklju\u010ditve posameznika iz \u017erebanja.<\/p>\n<p><strong>5. NAGRADA<\/strong><br>Organizator bo izmed vseh pravilno prijavljenih udele\u017eencev iz\u017erebal 100 nagrajencev, ki bodo prejeli knjigo &#8220;Digitalni marketing od A do \u017d&#8221;. Po\u0161tnino krije Organizator. Nagrada ni prenosljiva na drugo osebo in ni zamenljiva za denar ali drugo obliko nadomestila.<\/p>\n<p><strong>6. IZBOR NAGRAJENCEV<\/strong><br>Nagrajenci bodo iz\u017erebani naklju\u010dno 21. marca 2025 z uporabo ra\u010dunalni\u0161kega programa, ki zagotavlja naklju\u010dnost izbora. \u017drebanje bo izvedeno v prisotnosti komisije, ki bo zagotovila transparentnost postopka. Imena nagrajencev bodo objavljena na spletni strani Organizatorja in\/ali na njegovih dru\u017ebenih omre\u017ejih.<\/p>\n<p><strong>7. OBVE\u0160\u010cANJE IN PREVZEM NAGRADE<\/strong><br>Nagrajenci bodo o prejeti nagradi obve\u0161\u010deni preko e-naslova, ki so ga navedli ob prijavi, najkasneje v petih delovnih dneh po \u017erebanju. V primeru, da se nagrajenec v roku 7 dni po prejemu obvestila ne odzove in ne posreduje zahtevanih podatkov za dostavo nagrade, si Organizator pridr\u017euje pravico, da nagrado podeli drugemu iz\u017erebancu.<\/p>\n<p>Nagrade bodo poslane po po\u0161ti na naslov, ki ga je udele\u017eenec navedel v prijavi. Po\u0161tnino krije Organizator. Organizator ne prevzema odgovornosti za morebitne po\u0161kodbe ali izgubo po\u0161iljke med dostavo.<\/p>\n<p><strong>8. VARSTVO OSEBNIH PODATKOV<\/strong><br>Organizator se zavezuje, da bo osebne podatke udele\u017eencev obdeloval in varoval v skladu z veljavno zakonodajo o varstvu osebnih podatkov (GDPR in ZVOP-2). Osebni podatki bodo uporabljeni izklju\u010dno za izvedbo nagradne igre in ne bodo posredovani tretjim osebam, razen \u010de zakonodaja dolo\u010da druga\u010de. Udele\u017eenci lahko kadarkoli zahtevajo vpogled, popravek ali izbris svojih osebnih podatkov.<\/p>\n<p><strong>9. ODGOVORNOSTI ORGANIZATORJA<\/strong><br>Organizator ne prevzema odgovornosti za:<\/p>\n<ul data-spread=\"false\">\n<li>\n<p>Tehni\u010dne te\u017eave pri dostopu do obrazca za prijavo,<\/p>\n<\/li>\n<li>\n<p>Napa\u010dno navedene podatke udele\u017eencev,<\/p>\n<\/li>\n<li>\n<p>Nepravilno delovanje elektronske po\u0161te in drugih komunikacijskih kanalov,<\/p>\n<\/li>\n<li>\n<p>Zamude ali izgube po\u0161iljk pri dostavi nagrad.<\/p>\n<\/li>\n<\/ul>\n<p>Organizator si pridr\u017euje pravico do spremembe ali preklica nagradne igre v primeru vi\u0161je sile ali nepredvidenih okoli\u0161\u010din.<\/p>\n<p><strong>10. KON\u010cNE DOLO\u010cBE<\/strong><br>Organizator si pridr\u017euje pravico do spremembe pravil nagradne igre, \u010de to zahtevajo pravni, tehni\u010dni ali komercialni razlogi. Vsaka sprememba bo pravo\u010dasno objavljena na uradni spletni strani Organizatorja.<\/p>\n<p>Za morebitna vpra\u0161anja ali dodatne informacije lahko udele\u017eenci kontaktirajo Organizatorja preko uradnega e-naslova [kontaktni e-naslov].<\/p>\n<p>Maribor, 14. marec 2025<\/p>\n<p>Rde\u010da oran\u017ea d.o.o.<\/p>\n<p><\/p><\/div>\n\t\t\t\t<\/div>\n\t\t\t\t<\/div>\n\t\t\t\t\t\t<\/div>\n\t\t\t<\/div>\n\t\t<\/div>\n\t\t\t\t\t\t<\/div>\n\t\t\t<\/div>\n\t\t<\/section>\n\t\t\t\t\t\t<\/div>\n\t\t\t<\/div>\n\t\t<\/div>\n\t\t","protected":false},"excerpt":{"rendered":"<p>Pravila nagradne igre: Podarimo 100 knjig 1. ORGANIZATOR NAGRADNE IGREOrganizator nagradne igre je podjetje Rde\u010da oran\u017ea d.o.o. (v nadaljevanju: Organizator), s sede\u017eem na Makedonska 45, 2000 Maribor, mati\u010dno \u0161tevilko 6790607000&nbsp; in dav\u010dno \u0161tevilko SI46631011. Organizator je odgovoren za izvedbo nagradne igre ter podelitev nagrad v skladu s temi pravili. 2. NAMEN NAGRADNE IGRENamen nagradne igre [&hellip;]<\/p>\n","protected":false},"author":1,"featured_media":0,"parent":0,"menu_order":0,"comment_status":"closed","ping_status":"closed","template":"","meta":[],"yoast_head":"<!-- This site is optimized with the Yoast SEO plugin v17.0 - https:\/\/yoast.com\/wordpress\/plugins\/seo\/ -->\n<title>Podarimo 100 knjig - pravila nagradne igre - PRAKTI\u010cNI PRIRO\u010cNIK &quot;Digitalni marketing od A do \u017d&quot;<\/title>\n<meta name=\"robots\" content=\"index, follow, max-snippet:-1, max-image-preview:large, max-video-preview:-1\" \/>\n<link rel=\"canonical\" href=\"https:\/\/www.martinkorosec.com\/knjiga\/digitalni-marketing\/100-knjig-pravila-nagradne-igre\/\" \/>\n<meta property=\"og:locale\" content=\"sl_SI\" \/>\n<meta property=\"og:type\" content=\"article\" \/>\n<meta property=\"og:title\" content=\"Podarimo 100 knjig - pravila nagradne igre - PRAKTI\u010cNI PRIRO\u010cNIK &quot;Digitalni marketing od A do \u017d&quot;\" \/>\n<meta property=\"og:description\" content=\"Pravila nagradne igre: Podarimo 100 knjig 1. ORGANIZATOR NAGRADNE IGREOrganizator nagradne igre je podjetje Rde\u010da oran\u017ea d.o.o. (v nadaljevanju: Organizator), s sede\u017eem na Makedonska 45, 2000 Maribor, mati\u010dno \u0161tevilko 6790607000&nbsp; in dav\u010dno \u0161tevilko SI46631011. Organizator je odgovoren za izvedbo nagradne igre ter podelitev nagrad v skladu s temi pravili. 2. NAMEN NAGRADNE IGRENamen nagradne igre [&hellip;]\" \/>\n<meta property=\"og:url\" content=\"https:\/\/www.martinkorosec.com\/knjiga\/digitalni-marketing\/100-knjig-pravila-nagradne-igre\/\" \/>\n<meta property=\"og:site_name\" content=\"PRAKTI\u010cNI PRIRO\u010cNIK &quot;Digitalni marketing od A do \u017d&quot;\" \/>\n<meta property=\"article:modified_time\" content=\"2025-03-14T11:03:45+00:00\" \/>\n<meta name=\"twitter:card\" content=\"summary_large_image\" \/>\n<meta name=\"twitter:label1\" content=\"Est. reading time\" \/>\n\t<meta name=\"twitter:data1\" content=\"3 minute\" \/>\n<script type=\"application\/ld+json\" class=\"yoast-schema-graph\">{\"@context\":\"https:\/\/schema.org\",\"@graph\":[{\"@type\":\"WebSite\",\"@id\":\"https:\/\/www.martinkorosec.com\/knjiga\/digitalni-marketing\/#website\",\"url\":\"https:\/\/www.martinkorosec.com\/knjiga\/digitalni-marketing\/\",\"name\":\"PRAKTI\\u010cNI PRIRO\\u010cNIK &quot;Digitalni marketing od A do \\u017d&quot;\",\"description\":\"Za podjetnike, ki \\u017eelite podrobna navodila iz prakse po korakih.\",\"potentialAction\":[{\"@type\":\"SearchAction\",\"target\":{\"@type\":\"EntryPoint\",\"urlTemplate\":\"https:\/\/www.martinkorosec.com\/knjiga\/digitalni-marketing\/?s={search_term_string}\"},\"query-input\":\"required name=search_term_string\"}],\"inLanguage\":\"sl-SI\"},{\"@type\":\"WebPage\",\"@id\":\"https:\/\/www.martinkorosec.com\/knjiga\/digitalni-marketing\/100-knjig-pravila-nagradne-igre\/#webpage\",\"url\":\"https:\/\/www.martinkorosec.com\/knjiga\/digitalni-marketing\/100-knjig-pravila-nagradne-igre\/\",\"name\":\"Podarimo 100 knjig - pravila nagradne igre - PRAKTI\\u010cNI PRIRO\\u010cNIK &quot;Digitalni marketing od A do \\u017d&quot;\",\"isPartOf\":{\"@id\":\"https:\/\/www.martinkorosec.com\/knjiga\/digitalni-marketing\/#website\"},\"datePublished\":\"2025-03-14T10:58:20+00:00\",\"dateModified\":\"2025-03-14T11:03:45+00:00\",\"breadcrumb\":{\"@id\":\"https:\/\/www.martinkorosec.com\/knjiga\/digitalni-marketing\/100-knjig-pravila-nagradne-igre\/#breadcrumb\"},\"inLanguage\":\"sl-SI\",\"potentialAction\":[{\"@type\":\"ReadAction\",\"target\":[\"https:\/\/www.martinkorosec.com\/knjiga\/digitalni-marketing\/100-knjig-pravila-nagradne-igre\/\"]}]},{\"@type\":\"BreadcrumbList\",\"@id\":\"https:\/\/www.martinkorosec.com\/knjiga\/digitalni-marketing\/100-knjig-pravila-nagradne-igre\/#breadcrumb\",\"itemListElement\":[{\"@type\":\"ListItem\",\"position\":1,\"name\":\"Home\",\"item\":\"https:\/\/www.martinkorosec.com\/knjiga\/digitalni-marketing\/\"},{\"@type\":\"ListItem\",\"position\":2,\"name\":\"Podarimo 100 knjig &#8211; pravila nagradne igre\"}]}]}<\/script>\n<!-- \/ Yoast SEO plugin. -->","yoast_head_json":{"title":"Podarimo 100 knjig - pravila nagradne igre - PRAKTI\u010cNI PRIRO\u010cNIK &quot;Digitalni marketing od A do \u017d&quot;","robots":{"index":"index","follow":"follow","max-snippet":"max-snippet:-1","max-image-preview":"max-image-preview:large","max-video-preview":"max-video-preview:-1"},"canonical":"https:\/\/www.martinkorosec.com\/knjiga\/digitalni-marketing\/100-knjig-pravila-nagradne-igre\/","og_locale":"sl_SI","og_type":"article","og_title":"Podarimo 100 knjig - pravila nagradne igre - PRAKTI\u010cNI PRIRO\u010cNIK &quot;Digitalni marketing od A do \u017d&quot;","og_description":"Pravila nagradne igre: Podarimo 100 knjig 1. ORGANIZATOR NAGRADNE IGREOrganizator nagradne igre je podjetje Rde\u010da oran\u017ea d.o.o. (v nadaljevanju: Organizator), s sede\u017eem na Makedonska 45, 2000 Maribor, mati\u010dno \u0161tevilko 6790607000&nbsp; in dav\u010dno \u0161tevilko SI46631011. Organizator je odgovoren za izvedbo nagradne igre ter podelitev nagrad v skladu s temi pravili. 2. NAMEN NAGRADNE IGRENamen nagradne igre [&hellip;]","og_url":"https:\/\/www.martinkorosec.com\/knjiga\/digitalni-marketing\/100-knjig-pravila-nagradne-igre\/","og_site_name":"PRAKTI\u010cNI PRIRO\u010cNIK &quot;Digitalni marketing od A do \u017d&quot;","article_modified_time":"2025-03-14T11:03:45+00:00","twitter_card":"summary_large_image","twitter_misc":{"Est. reading time":"3 minute"},"schema":{"@context":"https:\/\/schema.org","@graph":[{"@type":"WebSite","@id":"https:\/\/www.martinkorosec.com\/knjiga\/digitalni-marketing\/#website","url":"https:\/\/www.martinkorosec.com\/knjiga\/digitalni-marketing\/","name":"PRAKTI\u010cNI PRIRO\u010cNIK &quot;Digitalni marketing od A do \u017d&quot;","description":"Za podjetnike, ki \u017eelite podrobna navodila iz prakse po korakih.","potentialAction":[{"@type":"SearchAction","target":{"@type":"EntryPoint","urlTemplate":"https:\/\/www.martinkorosec.com\/knjiga\/digitalni-marketing\/?s={search_term_string}"},"query-input":"required name=search_term_string"}],"inLanguage":"sl-SI"},{"@type":"WebPage","@id":"https:\/\/www.martinkorosec.com\/knjiga\/digitalni-marketing\/100-knjig-pravila-nagradne-igre\/#webpage","url":"https:\/\/www.martinkorosec.com\/knjiga\/digitalni-marketing\/100-knjig-pravila-nagradne-igre\/","name":"Podarimo 100 knjig - pravila nagradne igre - PRAKTI\u010cNI PRIRO\u010cNIK &quot;Digitalni marketing od A do \u017d&quot;","isPartOf":{"@id":"https:\/\/www.martinkorosec.com\/knjiga\/digitalni-marketing\/#website"},"datePublished":"2025-03-14T10:58:20+00:00","dateModified":"2025-03-14T11:03:45+00:00","breadcrumb":{"@id":"https:\/\/www.martinkorosec.com\/knjiga\/digitalni-marketing\/100-knjig-pravila-nagradne-igre\/#breadcrumb"},"inLanguage":"sl-SI","potentialAction":[{"@type":"ReadAction","target":["https:\/\/www.martinkorosec.com\/knjiga\/digitalni-marketing\/100-knjig-pravila-nagradne-igre\/"]}]},{"@type":"BreadcrumbList","@id":"https:\/\/www.martinkorosec.com\/knjiga\/digitalni-marketing\/100-knjig-pravila-nagradne-igre\/#breadcrumb","itemListElement":[{"@type":"ListItem","position":1,"name":"Home","item":"https:\/\/www.martinkorosec.com\/knjiga\/digitalni-marketing\/"},{"@type":"ListItem","position":2,"name":"Podarimo 100 knjig &#8211; pravila nagradne igre"}]}]}},"_links":{"self":[{"href":"https:\/\/www.martinkorosec.com\/knjiga\/digitalni-marketing\/wp-json\/wp\/v2\/pages\/7421"}],"collection":[{"href":"https:\/\/www.martinkorosec.com\/knjiga\/digitalni-marketing\/wp-json\/wp\/v2\/pages"}],"about":[{"href":"https:\/\/www.martinkorosec.com\/knjiga\/digitalni-marketing\/wp-json\/wp\/v2\/types\/page"}],"author":[{"embeddable":true,"href":"https:\/\/www.martinkorosec.com\/knjiga\/digitalni-marketing\/wp-json\/wp\/v2\/users\/1"}],"replies":[{"embeddable":true,"href":"https:\/\/www.martinkorosec.com\/knjiga\/digitalni-marketing\/wp-json\/wp\/v2\/comments?post=7421"}],"version-history":[{"count":3,"href":"https:\/\/www.martinkorosec.com\/knjiga\/digitalni-marketing\/wp-json\/wp\/v2\/pages\/7421\/revisions"}],"predecessor-version":[{"id":7425,"href":"https:\/\/www.martinkorosec.com\/knjiga\/digitalni-marketing\/wp-json\/wp\/v2\/pages\/7421\/revisions\/7425"}],"wp:attachment":[{"href":"https:\/\/www.martinkorosec.com\/knjiga\/digitalni-marketing\/wp-json\/wp\/v2\/media?parent=7421"}],"curies":[{"name":"wp","href":"https:\/\/api.w.org\/{rel}","templated":true}]}}