{"id":2713,"date":"2019-08-14T11:39:35","date_gmt":"2019-08-14T11:39:35","guid":{"rendered":"https:\/\/www.martinkorosec.com\/knjiga\/digitalni-marketing\/?post_type=product&#038;p=2713"},"modified":"2019-08-14T12:30:37","modified_gmt":"2019-08-14T12:30:37","slug":"prednarocilo-vstopnica","status":"publish","type":"product","link":"https:\/\/www.martinkorosec.com\/knjiga\/digitalni-marketing\/izdelek\/prednarocilo-vstopnica\/","title":{"rendered":"SEMINAR &#8220;DIGITALNI MARKETING OD A DO \u017d&#8221;, vstopnica"},"content":{"rendered":"<ul>\n<li>Vstopnica za vsa predavanja na<strong> prakti\u010dnem seminarju &#8220;MARKETING OD A DO \u017d&#8221;.<\/strong><\/li>\n<\/ul>\n","protected":false},"excerpt":{"rendered":"<p>Vstopnica za vsa predavanja na prakti\u010dnem seminarju &#8220;MARKETING OD A DO \u017d&#8221;.<\/p>\n","protected":false},"featured_media":0,"comment_status":"open","ping_status":"closed","template":"","meta":[],"yoast_head":"<!-- This site is optimized with the Yoast SEO plugin v17.0 - https:\/\/yoast.com\/wordpress\/plugins\/seo\/ -->\n<title>SEMINAR &quot;DIGITALNI MARKETING OD A DO \u017d&quot;, vstopnica - PRAKTI\u010cNI PRIRO\u010cNIK &quot;Digitalni marketing od A do \u017d&quot;<\/title>\n<meta name=\"robots\" content=\"index, follow, max-snippet:-1, max-image-preview:large, max-video-preview:-1\" \/>\n<link rel=\"canonical\" href=\"https:\/\/www.martinkorosec.com\/knjiga\/digitalni-marketing\/izdelek\/prednarocilo-vstopnica\/\" \/>\n<meta property=\"og:locale\" content=\"sl_SI\" \/>\n<meta property=\"og:type\" content=\"article\" \/>\n<meta property=\"og:title\" content=\"SEMINAR &quot;DIGITALNI MARKETING OD A DO \u017d&quot;, vstopnica - PRAKTI\u010cNI PRIRO\u010cNIK &quot;Digitalni marketing od A do \u017d&quot;\" \/>\n<meta property=\"og:description\" content=\"Vstopnica za vsa predavanja na prakti\u010dnem seminarju &#8220;MARKETING OD A DO \u017d&#8221;.\" \/>\n<meta property=\"og:url\" content=\"https:\/\/www.martinkorosec.com\/knjiga\/digitalni-marketing\/izdelek\/prednarocilo-vstopnica\/\" \/>\n<meta property=\"og:site_name\" content=\"PRAKTI\u010cNI PRIRO\u010cNIK &quot;Digitalni marketing od A do \u017d&quot;\" \/>\n<meta property=\"article:modified_time\" content=\"2019-08-14T12:30:37+00:00\" \/>\n<meta name=\"twitter:card\" content=\"summary_large_image\" \/>\n<script type=\"application\/ld+json\" class=\"yoast-schema-graph\">{\"@context\":\"https:\/\/schema.org\",\"@graph\":[{\"@type\":\"WebSite\",\"@id\":\"https:\/\/www.martinkorosec.com\/knjiga\/digitalni-marketing\/#website\",\"url\":\"https:\/\/www.martinkorosec.com\/knjiga\/digitalni-marketing\/\",\"name\":\"PRAKTI\\u010cNI PRIRO\\u010cNIK &quot;Digitalni marketing od A do \\u017d&quot;\",\"description\":\"Za podjetnike, ki \\u017eelite podrobna navodila iz prakse po korakih.\",\"potentialAction\":[{\"@type\":\"SearchAction\",\"target\":{\"@type\":\"EntryPoint\",\"urlTemplate\":\"https:\/\/www.martinkorosec.com\/knjiga\/digitalni-marketing\/?s={search_term_string}\"},\"query-input\":\"required name=search_term_string\"}],\"inLanguage\":\"sl-SI\"},{\"@type\":\"WebPage\",\"@id\":\"https:\/\/www.martinkorosec.com\/knjiga\/digitalni-marketing\/izdelek\/prednarocilo-vstopnica\/#webpage\",\"url\":\"https:\/\/www.martinkorosec.com\/knjiga\/digitalni-marketing\/izdelek\/prednarocilo-vstopnica\/\",\"name\":\"SEMINAR \\\"DIGITALNI MARKETING OD A DO \\u017d\\\", vstopnica - PRAKTI\\u010cNI PRIRO\\u010cNIK &quot;Digitalni marketing od A do \\u017d&quot;\",\"isPartOf\":{\"@id\":\"https:\/\/www.martinkorosec.com\/knjiga\/digitalni-marketing\/#website\"},\"datePublished\":\"2019-08-14T11:39:35+00:00\",\"dateModified\":\"2019-08-14T12:30:37+00:00\",\"breadcrumb\":{\"@id\":\"https:\/\/www.martinkorosec.com\/knjiga\/digitalni-marketing\/izdelek\/prednarocilo-vstopnica\/#breadcrumb\"},\"inLanguage\":\"sl-SI\",\"potentialAction\":[{\"@type\":\"ReadAction\",\"target\":[\"https:\/\/www.martinkorosec.com\/knjiga\/digitalni-marketing\/izdelek\/prednarocilo-vstopnica\/\"]}]},{\"@type\":\"BreadcrumbList\",\"@id\":\"https:\/\/www.martinkorosec.com\/knjiga\/digitalni-marketing\/izdelek\/prednarocilo-vstopnica\/#breadcrumb\",\"itemListElement\":[{\"@type\":\"ListItem\",\"position\":1,\"name\":\"Home\",\"item\":\"https:\/\/www.martinkorosec.com\/knjiga\/digitalni-marketing\/\"},{\"@type\":\"ListItem\",\"position\":2,\"name\":\"Trgovina\",\"item\":\"https:\/\/www.martinkorosec.com\/knjiga\/digitalni-marketing\/trgovina\/\"},{\"@type\":\"ListItem\",\"position\":3,\"name\":\"SEMINAR &#8220;DIGITALNI MARKETING OD A DO \\u017d&#8221;, vstopnica\"}]}]}<\/script>\n<!-- \/ Yoast SEO plugin. -->","yoast_head_json":{"title":"SEMINAR \"DIGITALNI MARKETING OD A DO \u017d\", vstopnica - PRAKTI\u010cNI PRIRO\u010cNIK &quot;Digitalni marketing od A do \u017d&quot;","robots":{"index":"index","follow":"follow","max-snippet":"max-snippet:-1","max-image-preview":"max-image-preview:large","max-video-preview":"max-video-preview:-1"},"canonical":"https:\/\/www.martinkorosec.com\/knjiga\/digitalni-marketing\/izdelek\/prednarocilo-vstopnica\/","og_locale":"sl_SI","og_type":"article","og_title":"SEMINAR \"DIGITALNI MARKETING OD A DO \u017d\", vstopnica - PRAKTI\u010cNI PRIRO\u010cNIK &quot;Digitalni marketing od A do \u017d&quot;","og_description":"Vstopnica za vsa predavanja na prakti\u010dnem seminarju &#8220;MARKETING OD A DO \u017d&#8221;.","og_url":"https:\/\/www.martinkorosec.com\/knjiga\/digitalni-marketing\/izdelek\/prednarocilo-vstopnica\/","og_site_name":"PRAKTI\u010cNI PRIRO\u010cNIK &quot;Digitalni marketing od A do \u017d&quot;","article_modified_time":"2019-08-14T12:30:37+00:00","twitter_card":"summary_large_image","schema":{"@context":"https:\/\/schema.org","@graph":[{"@type":"WebSite","@id":"https:\/\/www.martinkorosec.com\/knjiga\/digitalni-marketing\/#website","url":"https:\/\/www.martinkorosec.com\/knjiga\/digitalni-marketing\/","name":"PRAKTI\u010cNI PRIRO\u010cNIK &quot;Digitalni marketing od A do \u017d&quot;","description":"Za podjetnike, ki \u017eelite podrobna navodila iz prakse po korakih.","potentialAction":[{"@type":"SearchAction","target":{"@type":"EntryPoint","urlTemplate":"https:\/\/www.martinkorosec.com\/knjiga\/digitalni-marketing\/?s={search_term_string}"},"query-input":"required name=search_term_string"}],"inLanguage":"sl-SI"},{"@type":"WebPage","@id":"https:\/\/www.martinkorosec.com\/knjiga\/digitalni-marketing\/izdelek\/prednarocilo-vstopnica\/#webpage","url":"https:\/\/www.martinkorosec.com\/knjiga\/digitalni-marketing\/izdelek\/prednarocilo-vstopnica\/","name":"SEMINAR \"DIGITALNI MARKETING OD A DO \u017d\", vstopnica - PRAKTI\u010cNI PRIRO\u010cNIK &quot;Digitalni marketing od A do \u017d&quot;","isPartOf":{"@id":"https:\/\/www.martinkorosec.com\/knjiga\/digitalni-marketing\/#website"},"datePublished":"2019-08-14T11:39:35+00:00","dateModified":"2019-08-14T12:30:37+00:00","breadcrumb":{"@id":"https:\/\/www.martinkorosec.com\/knjiga\/digitalni-marketing\/izdelek\/prednarocilo-vstopnica\/#breadcrumb"},"inLanguage":"sl-SI","potentialAction":[{"@type":"ReadAction","target":["https:\/\/www.martinkorosec.com\/knjiga\/digitalni-marketing\/izdelek\/prednarocilo-vstopnica\/"]}]},{"@type":"BreadcrumbList","@id":"https:\/\/www.martinkorosec.com\/knjiga\/digitalni-marketing\/izdelek\/prednarocilo-vstopnica\/#breadcrumb","itemListElement":[{"@type":"ListItem","position":1,"name":"Home","item":"https:\/\/www.martinkorosec.com\/knjiga\/digitalni-marketing\/"},{"@type":"ListItem","position":2,"name":"Trgovina","item":"https:\/\/www.martinkorosec.com\/knjiga\/digitalni-marketing\/trgovina\/"},{"@type":"ListItem","position":3,"name":"SEMINAR &#8220;DIGITALNI MARKETING OD A DO \u017d&#8221;, vstopnica"}]}]}},"_links":{"self":[{"href":"https:\/\/www.martinkorosec.com\/knjiga\/digitalni-marketing\/wp-json\/wp\/v2\/product\/2713"}],"collection":[{"href":"https:\/\/www.martinkorosec.com\/knjiga\/digitalni-marketing\/wp-json\/wp\/v2\/product"}],"about":[{"href":"https:\/\/www.martinkorosec.com\/knjiga\/digitalni-marketing\/wp-json\/wp\/v2\/types\/product"}],"replies":[{"embeddable":true,"href":"https:\/\/www.martinkorosec.com\/knjiga\/digitalni-marketing\/wp-json\/wp\/v2\/comments?post=2713"}],"wp:attachment":[{"href":"https:\/\/www.martinkorosec.com\/knjiga\/digitalni-marketing\/wp-json\/wp\/v2\/media?parent=2713"}],"curies":[{"name":"wp","href":"https:\/\/api.w.org\/{rel}","templated":true}]}}