{"id":6549,"date":"2022-03-21T14:00:05","date_gmt":"2022-03-21T14:00:05","guid":{"rendered":"https:\/\/www.martinkorosec.com\/knjiga\/digitalni-marketing\/?post_type=product&#038;p=6549"},"modified":"2022-03-23T12:49:46","modified_gmt":"2022-03-23T12:49:46","slug":"knjiga-digitalni-marketing-od-a-do-z-pomoc-ukrajini","status":"publish","type":"product","link":"https:\/\/www.martinkorosec.com\/knjiga\/digitalni-marketing\/izdelek\/knjiga-digitalni-marketing-od-a-do-z-pomoc-ukrajini\/","title":{"rendered":"KNJIGA &#8220;DIGITALNI MARKETING OD A DO \u017d&#8221; &#8211; pomo\u010d Ukrajini"},"content":{"rendered":"<ul>\n<li class=\"elementor-price-table__feature-inner\"><strong>Prakti\u010dni priro\u010dnik o digitalnem marketingu,\u00a0<\/strong>v tiskani obliki.\u00a0<strong>500 strani<\/strong>\u00a0z jasnimi navodili, po korakih.<\/li>\n<\/ul>\n","protected":false},"excerpt":{"rendered":"<p>Prakti\u010dni priro\u010dnik o digitalnem marketingu,\u00a0v tiskani obliki.\u00a0500 strani\u00a0z jasnimi navodili, po korakih.<\/p>\n","protected":false},"featured_media":0,"comment_status":"open","ping_status":"closed","template":"","meta":[],"yoast_head":"<!-- This site is optimized with the Yoast SEO plugin v17.0 - https:\/\/yoast.com\/wordpress\/plugins\/seo\/ -->\n<title>KNJIGA &quot;DIGITALNI MARKETING OD A DO \u017d&quot; - pomo\u010d Ukrajini - PRAKTI\u010cNI PRIRO\u010cNIK &quot;Digitalni marketing od A do \u017d&quot;<\/title>\n<meta name=\"robots\" content=\"index, follow, max-snippet:-1, max-image-preview:large, max-video-preview:-1\" \/>\n<link rel=\"canonical\" href=\"https:\/\/www.martinkorosec.com\/knjiga\/digitalni-marketing\/izdelek\/knjiga-digitalni-marketing-od-a-do-z-pomoc-ukrajini\/\" \/>\n<meta property=\"og:locale\" content=\"sl_SI\" \/>\n<meta property=\"og:type\" content=\"article\" \/>\n<meta property=\"og:title\" content=\"KNJIGA &quot;DIGITALNI MARKETING OD A DO \u017d&quot; - pomo\u010d Ukrajini - PRAKTI\u010cNI PRIRO\u010cNIK &quot;Digitalni marketing od A do \u017d&quot;\" \/>\n<meta property=\"og:description\" content=\"Prakti\u010dni priro\u010dnik o digitalnem marketingu,\u00a0v tiskani obliki.\u00a0500 strani\u00a0z jasnimi navodili, po korakih.\" \/>\n<meta property=\"og:url\" content=\"https:\/\/www.martinkorosec.com\/knjiga\/digitalni-marketing\/izdelek\/knjiga-digitalni-marketing-od-a-do-z-pomoc-ukrajini\/\" \/>\n<meta property=\"og:site_name\" content=\"PRAKTI\u010cNI PRIRO\u010cNIK &quot;Digitalni marketing od A do \u017d&quot;\" \/>\n<meta property=\"article:modified_time\" content=\"2022-03-23T12:49:46+00:00\" \/>\n<meta name=\"twitter:card\" content=\"summary_large_image\" \/>\n<script type=\"application\/ld+json\" class=\"yoast-schema-graph\">{\"@context\":\"https:\/\/schema.org\",\"@graph\":[{\"@type\":\"WebSite\",\"@id\":\"https:\/\/www.martinkorosec.com\/knjiga\/digitalni-marketing\/#website\",\"url\":\"https:\/\/www.martinkorosec.com\/knjiga\/digitalni-marketing\/\",\"name\":\"PRAKTI\\u010cNI PRIRO\\u010cNIK &quot;Digitalni marketing od A do \\u017d&quot;\",\"description\":\"Za podjetnike, ki \\u017eelite podrobna navodila iz prakse po korakih.\",\"potentialAction\":[{\"@type\":\"SearchAction\",\"target\":{\"@type\":\"EntryPoint\",\"urlTemplate\":\"https:\/\/www.martinkorosec.com\/knjiga\/digitalni-marketing\/?s={search_term_string}\"},\"query-input\":\"required name=search_term_string\"}],\"inLanguage\":\"sl-SI\"},{\"@type\":\"WebPage\",\"@id\":\"https:\/\/www.martinkorosec.com\/knjiga\/digitalni-marketing\/izdelek\/knjiga-digitalni-marketing-od-a-do-z-pomoc-ukrajini\/#webpage\",\"url\":\"https:\/\/www.martinkorosec.com\/knjiga\/digitalni-marketing\/izdelek\/knjiga-digitalni-marketing-od-a-do-z-pomoc-ukrajini\/\",\"name\":\"KNJIGA \\\"DIGITALNI MARKETING OD A DO \\u017d\\\" - pomo\\u010d Ukrajini - PRAKTI\\u010cNI PRIRO\\u010cNIK &quot;Digitalni marketing od A do \\u017d&quot;\",\"isPartOf\":{\"@id\":\"https:\/\/www.martinkorosec.com\/knjiga\/digitalni-marketing\/#website\"},\"datePublished\":\"2022-03-21T14:00:05+00:00\",\"dateModified\":\"2022-03-23T12:49:46+00:00\",\"breadcrumb\":{\"@id\":\"https:\/\/www.martinkorosec.com\/knjiga\/digitalni-marketing\/izdelek\/knjiga-digitalni-marketing-od-a-do-z-pomoc-ukrajini\/#breadcrumb\"},\"inLanguage\":\"sl-SI\",\"potentialAction\":[{\"@type\":\"ReadAction\",\"target\":[\"https:\/\/www.martinkorosec.com\/knjiga\/digitalni-marketing\/izdelek\/knjiga-digitalni-marketing-od-a-do-z-pomoc-ukrajini\/\"]}]},{\"@type\":\"BreadcrumbList\",\"@id\":\"https:\/\/www.martinkorosec.com\/knjiga\/digitalni-marketing\/izdelek\/knjiga-digitalni-marketing-od-a-do-z-pomoc-ukrajini\/#breadcrumb\",\"itemListElement\":[{\"@type\":\"ListItem\",\"position\":1,\"name\":\"Home\",\"item\":\"https:\/\/www.martinkorosec.com\/knjiga\/digitalni-marketing\/\"},{\"@type\":\"ListItem\",\"position\":2,\"name\":\"Trgovina\",\"item\":\"https:\/\/www.martinkorosec.com\/knjiga\/digitalni-marketing\/trgovina\/\"},{\"@type\":\"ListItem\",\"position\":3,\"name\":\"KNJIGA &#8220;DIGITALNI MARKETING OD A DO \\u017d&#8221; &#8211; pomo\\u010d Ukrajini\"}]}]}<\/script>\n<!-- \/ Yoast SEO plugin. -->","yoast_head_json":{"title":"KNJIGA \"DIGITALNI MARKETING OD A DO \u017d\" - pomo\u010d Ukrajini - PRAKTI\u010cNI PRIRO\u010cNIK &quot;Digitalni marketing od A do \u017d&quot;","robots":{"index":"index","follow":"follow","max-snippet":"max-snippet:-1","max-image-preview":"max-image-preview:large","max-video-preview":"max-video-preview:-1"},"canonical":"https:\/\/www.martinkorosec.com\/knjiga\/digitalni-marketing\/izdelek\/knjiga-digitalni-marketing-od-a-do-z-pomoc-ukrajini\/","og_locale":"sl_SI","og_type":"article","og_title":"KNJIGA \"DIGITALNI MARKETING OD A DO \u017d\" - pomo\u010d Ukrajini - PRAKTI\u010cNI PRIRO\u010cNIK &quot;Digitalni marketing od A do \u017d&quot;","og_description":"Prakti\u010dni priro\u010dnik o digitalnem marketingu,\u00a0v tiskani obliki.\u00a0500 strani\u00a0z jasnimi navodili, po korakih.","og_url":"https:\/\/www.martinkorosec.com\/knjiga\/digitalni-marketing\/izdelek\/knjiga-digitalni-marketing-od-a-do-z-pomoc-ukrajini\/","og_site_name":"PRAKTI\u010cNI PRIRO\u010cNIK &quot;Digitalni marketing od A do \u017d&quot;","article_modified_time":"2022-03-23T12:49:46+00:00","twitter_card":"summary_large_image","schema":{"@context":"https:\/\/schema.org","@graph":[{"@type":"WebSite","@id":"https:\/\/www.martinkorosec.com\/knjiga\/digitalni-marketing\/#website","url":"https:\/\/www.martinkorosec.com\/knjiga\/digitalni-marketing\/","name":"PRAKTI\u010cNI PRIRO\u010cNIK &quot;Digitalni marketing od A do \u017d&quot;","description":"Za podjetnike, ki \u017eelite podrobna navodila iz prakse po korakih.","potentialAction":[{"@type":"SearchAction","target":{"@type":"EntryPoint","urlTemplate":"https:\/\/www.martinkorosec.com\/knjiga\/digitalni-marketing\/?s={search_term_string}"},"query-input":"required name=search_term_string"}],"inLanguage":"sl-SI"},{"@type":"WebPage","@id":"https:\/\/www.martinkorosec.com\/knjiga\/digitalni-marketing\/izdelek\/knjiga-digitalni-marketing-od-a-do-z-pomoc-ukrajini\/#webpage","url":"https:\/\/www.martinkorosec.com\/knjiga\/digitalni-marketing\/izdelek\/knjiga-digitalni-marketing-od-a-do-z-pomoc-ukrajini\/","name":"KNJIGA \"DIGITALNI MARKETING OD A DO \u017d\" - pomo\u010d Ukrajini - PRAKTI\u010cNI PRIRO\u010cNIK &quot;Digitalni marketing od A do \u017d&quot;","isPartOf":{"@id":"https:\/\/www.martinkorosec.com\/knjiga\/digitalni-marketing\/#website"},"datePublished":"2022-03-21T14:00:05+00:00","dateModified":"2022-03-23T12:49:46+00:00","breadcrumb":{"@id":"https:\/\/www.martinkorosec.com\/knjiga\/digitalni-marketing\/izdelek\/knjiga-digitalni-marketing-od-a-do-z-pomoc-ukrajini\/#breadcrumb"},"inLanguage":"sl-SI","potentialAction":[{"@type":"ReadAction","target":["https:\/\/www.martinkorosec.com\/knjiga\/digitalni-marketing\/izdelek\/knjiga-digitalni-marketing-od-a-do-z-pomoc-ukrajini\/"]}]},{"@type":"BreadcrumbList","@id":"https:\/\/www.martinkorosec.com\/knjiga\/digitalni-marketing\/izdelek\/knjiga-digitalni-marketing-od-a-do-z-pomoc-ukrajini\/#breadcrumb","itemListElement":[{"@type":"ListItem","position":1,"name":"Home","item":"https:\/\/www.martinkorosec.com\/knjiga\/digitalni-marketing\/"},{"@type":"ListItem","position":2,"name":"Trgovina","item":"https:\/\/www.martinkorosec.com\/knjiga\/digitalni-marketing\/trgovina\/"},{"@type":"ListItem","position":3,"name":"KNJIGA &#8220;DIGITALNI MARKETING OD A DO \u017d&#8221; &#8211; pomo\u010d Ukrajini"}]}]}},"_links":{"self":[{"href":"https:\/\/www.martinkorosec.com\/knjiga\/digitalni-marketing\/wp-json\/wp\/v2\/product\/6549"}],"collection":[{"href":"https:\/\/www.martinkorosec.com\/knjiga\/digitalni-marketing\/wp-json\/wp\/v2\/product"}],"about":[{"href":"https:\/\/www.martinkorosec.com\/knjiga\/digitalni-marketing\/wp-json\/wp\/v2\/types\/product"}],"replies":[{"embeddable":true,"href":"https:\/\/www.martinkorosec.com\/knjiga\/digitalni-marketing\/wp-json\/wp\/v2\/comments?post=6549"}],"wp:attachment":[{"href":"https:\/\/www.martinkorosec.com\/knjiga\/digitalni-marketing\/wp-json\/wp\/v2\/media?parent=6549"}],"curies":[{"name":"wp","href":"https:\/\/api.w.org\/{rel}","templated":true}]}}