{"id":830,"date":"2018-11-29T14:45:19","date_gmt":"2018-11-29T13:45:19","guid":{"rendered":"https:\/\/www.martinkorosec.com\/knjiga\/digitalni-marketing\/?post_type=product&#038;p=830"},"modified":"2018-11-29T14:46:05","modified_gmt":"2018-11-29T13:46:05","slug":"testiranje-nakupa","status":"publish","type":"product","link":"https:\/\/www.martinkorosec.com\/knjiga\/digitalni-marketing\/izdelek\/testiranje-nakupa\/","title":{"rendered":"Testiranje nakupa"},"content":{"rendered":"<div class=\"elementor-price-table__feature-inner\">Vstopnica za vsa predavanja<\/div>\n","protected":false},"excerpt":{"rendered":"<p>Vstopnica za vsa predavanja<\/p>\n","protected":false},"featured_media":0,"comment_status":"open","ping_status":"closed","template":"","meta":[],"yoast_head":"<!-- This site is optimized with the Yoast SEO plugin v17.0 - https:\/\/yoast.com\/wordpress\/plugins\/seo\/ -->\n<title>Testiranje nakupa - PRAKTI\u010cNI PRIRO\u010cNIK &quot;Digitalni marketing od A do \u017d&quot;<\/title>\n<meta name=\"robots\" content=\"index, follow, max-snippet:-1, max-image-preview:large, max-video-preview:-1\" \/>\n<link rel=\"canonical\" href=\"https:\/\/www.martinkorosec.com\/knjiga\/digitalni-marketing\/izdelek\/testiranje-nakupa\/\" \/>\n<meta property=\"og:locale\" content=\"sl_SI\" \/>\n<meta property=\"og:type\" content=\"article\" \/>\n<meta property=\"og:title\" content=\"Testiranje nakupa - PRAKTI\u010cNI PRIRO\u010cNIK &quot;Digitalni marketing od A do \u017d&quot;\" \/>\n<meta property=\"og:description\" content=\"Vstopnica za vsa predavanja\" \/>\n<meta property=\"og:url\" content=\"https:\/\/www.martinkorosec.com\/knjiga\/digitalni-marketing\/izdelek\/testiranje-nakupa\/\" \/>\n<meta property=\"og:site_name\" content=\"PRAKTI\u010cNI PRIRO\u010cNIK &quot;Digitalni marketing od A do \u017d&quot;\" \/>\n<meta property=\"article:modified_time\" content=\"2018-11-29T13:46:05+00:00\" \/>\n<meta name=\"twitter:card\" content=\"summary_large_image\" \/>\n<script type=\"application\/ld+json\" class=\"yoast-schema-graph\">{\"@context\":\"https:\/\/schema.org\",\"@graph\":[{\"@type\":\"WebSite\",\"@id\":\"https:\/\/www.martinkorosec.com\/knjiga\/digitalni-marketing\/#website\",\"url\":\"https:\/\/www.martinkorosec.com\/knjiga\/digitalni-marketing\/\",\"name\":\"PRAKTI\\u010cNI PRIRO\\u010cNIK &quot;Digitalni marketing od A do \\u017d&quot;\",\"description\":\"Za podjetnike, ki \\u017eelite podrobna navodila iz prakse po korakih.\",\"potentialAction\":[{\"@type\":\"SearchAction\",\"target\":{\"@type\":\"EntryPoint\",\"urlTemplate\":\"https:\/\/www.martinkorosec.com\/knjiga\/digitalni-marketing\/?s={search_term_string}\"},\"query-input\":\"required name=search_term_string\"}],\"inLanguage\":\"sl-SI\"},{\"@type\":\"WebPage\",\"@id\":\"https:\/\/www.martinkorosec.com\/knjiga\/digitalni-marketing\/izdelek\/testiranje-nakupa\/#webpage\",\"url\":\"https:\/\/www.martinkorosec.com\/knjiga\/digitalni-marketing\/izdelek\/testiranje-nakupa\/\",\"name\":\"Testiranje nakupa - PRAKTI\\u010cNI PRIRO\\u010cNIK &quot;Digitalni marketing od A do \\u017d&quot;\",\"isPartOf\":{\"@id\":\"https:\/\/www.martinkorosec.com\/knjiga\/digitalni-marketing\/#website\"},\"datePublished\":\"2018-11-29T13:45:19+00:00\",\"dateModified\":\"2018-11-29T13:46:05+00:00\",\"breadcrumb\":{\"@id\":\"https:\/\/www.martinkorosec.com\/knjiga\/digitalni-marketing\/izdelek\/testiranje-nakupa\/#breadcrumb\"},\"inLanguage\":\"sl-SI\",\"potentialAction\":[{\"@type\":\"ReadAction\",\"target\":[\"https:\/\/www.martinkorosec.com\/knjiga\/digitalni-marketing\/izdelek\/testiranje-nakupa\/\"]}]},{\"@type\":\"BreadcrumbList\",\"@id\":\"https:\/\/www.martinkorosec.com\/knjiga\/digitalni-marketing\/izdelek\/testiranje-nakupa\/#breadcrumb\",\"itemListElement\":[{\"@type\":\"ListItem\",\"position\":1,\"name\":\"Home\",\"item\":\"https:\/\/www.martinkorosec.com\/knjiga\/digitalni-marketing\/\"},{\"@type\":\"ListItem\",\"position\":2,\"name\":\"Trgovina\",\"item\":\"https:\/\/www.martinkorosec.com\/knjiga\/digitalni-marketing\/trgovina\/\"},{\"@type\":\"ListItem\",\"position\":3,\"name\":\"Testiranje nakupa\"}]}]}<\/script>\n<!-- \/ Yoast SEO plugin. -->","yoast_head_json":{"title":"Testiranje nakupa - PRAKTI\u010cNI PRIRO\u010cNIK &quot;Digitalni marketing od A do \u017d&quot;","robots":{"index":"index","follow":"follow","max-snippet":"max-snippet:-1","max-image-preview":"max-image-preview:large","max-video-preview":"max-video-preview:-1"},"canonical":"https:\/\/www.martinkorosec.com\/knjiga\/digitalni-marketing\/izdelek\/testiranje-nakupa\/","og_locale":"sl_SI","og_type":"article","og_title":"Testiranje nakupa - PRAKTI\u010cNI PRIRO\u010cNIK &quot;Digitalni marketing od A do \u017d&quot;","og_description":"Vstopnica za vsa predavanja","og_url":"https:\/\/www.martinkorosec.com\/knjiga\/digitalni-marketing\/izdelek\/testiranje-nakupa\/","og_site_name":"PRAKTI\u010cNI PRIRO\u010cNIK &quot;Digitalni marketing od A do \u017d&quot;","article_modified_time":"2018-11-29T13:46:05+00:00","twitter_card":"summary_large_image","schema":{"@context":"https:\/\/schema.org","@graph":[{"@type":"WebSite","@id":"https:\/\/www.martinkorosec.com\/knjiga\/digitalni-marketing\/#website","url":"https:\/\/www.martinkorosec.com\/knjiga\/digitalni-marketing\/","name":"PRAKTI\u010cNI PRIRO\u010cNIK &quot;Digitalni marketing od A do \u017d&quot;","description":"Za podjetnike, ki \u017eelite podrobna navodila iz prakse po korakih.","potentialAction":[{"@type":"SearchAction","target":{"@type":"EntryPoint","urlTemplate":"https:\/\/www.martinkorosec.com\/knjiga\/digitalni-marketing\/?s={search_term_string}"},"query-input":"required name=search_term_string"}],"inLanguage":"sl-SI"},{"@type":"WebPage","@id":"https:\/\/www.martinkorosec.com\/knjiga\/digitalni-marketing\/izdelek\/testiranje-nakupa\/#webpage","url":"https:\/\/www.martinkorosec.com\/knjiga\/digitalni-marketing\/izdelek\/testiranje-nakupa\/","name":"Testiranje nakupa - PRAKTI\u010cNI PRIRO\u010cNIK &quot;Digitalni marketing od A do \u017d&quot;","isPartOf":{"@id":"https:\/\/www.martinkorosec.com\/knjiga\/digitalni-marketing\/#website"},"datePublished":"2018-11-29T13:45:19+00:00","dateModified":"2018-11-29T13:46:05+00:00","breadcrumb":{"@id":"https:\/\/www.martinkorosec.com\/knjiga\/digitalni-marketing\/izdelek\/testiranje-nakupa\/#breadcrumb"},"inLanguage":"sl-SI","potentialAction":[{"@type":"ReadAction","target":["https:\/\/www.martinkorosec.com\/knjiga\/digitalni-marketing\/izdelek\/testiranje-nakupa\/"]}]},{"@type":"BreadcrumbList","@id":"https:\/\/www.martinkorosec.com\/knjiga\/digitalni-marketing\/izdelek\/testiranje-nakupa\/#breadcrumb","itemListElement":[{"@type":"ListItem","position":1,"name":"Home","item":"https:\/\/www.martinkorosec.com\/knjiga\/digitalni-marketing\/"},{"@type":"ListItem","position":2,"name":"Trgovina","item":"https:\/\/www.martinkorosec.com\/knjiga\/digitalni-marketing\/trgovina\/"},{"@type":"ListItem","position":3,"name":"Testiranje nakupa"}]}]}},"_links":{"self":[{"href":"https:\/\/www.martinkorosec.com\/knjiga\/digitalni-marketing\/wp-json\/wp\/v2\/product\/830"}],"collection":[{"href":"https:\/\/www.martinkorosec.com\/knjiga\/digitalni-marketing\/wp-json\/wp\/v2\/product"}],"about":[{"href":"https:\/\/www.martinkorosec.com\/knjiga\/digitalni-marketing\/wp-json\/wp\/v2\/types\/product"}],"replies":[{"embeddable":true,"href":"https:\/\/www.martinkorosec.com\/knjiga\/digitalni-marketing\/wp-json\/wp\/v2\/comments?post=830"}],"wp:attachment":[{"href":"https:\/\/www.martinkorosec.com\/knjiga\/digitalni-marketing\/wp-json\/wp\/v2\/media?parent=830"}],"curies":[{"name":"wp","href":"https:\/\/api.w.org\/{rel}","templated":true}]}}